{"id":950,"date":"2024-11-20T09:33:12","date_gmt":"2024-11-20T08:33:12","guid":{"rendered":"https:\/\/www.afdaarab.fr\/?page_id=950"},"modified":"2024-11-20T09:48:07","modified_gmt":"2024-11-20T08:48:07","slug":"departements-darabe","status":"publish","type":"page","link":"https:\/\/www.afdaarab.fr\/index.php\/liens-utiles\/departements-darabe\/","title":{"rendered":"D\u00e9partements d&#8217;arabe"},"content":{"rendered":"<p><a href=\"https:\/\/etudes-arabes.unistra.fr\/\">Universit\u00e9 de Strasbourg<\/a><\/p>\n<p><a href=\"https:\/\/www.inalco.fr\/etudes-arabes\">Inalco<\/a><\/p>\n<p><a href=\"https:\/\/www.univ-rennes2.fr\/structure\/departement-detudes-arabes\">Universit\u00e9 de Rennes<\/a><\/p>\n<p><a href=\"http:\/\/www.univ-paris3.fr\/departement-etudes-orientales-eo-ex-eahii--22042.kjsp\">Universit\u00e9 Sorbonne nouvelle<\/a><\/p>\n<p><a href=\"https:\/\/facdeslangues.univ-lyon3.fr\/etudes-arabes\">Universit\u00e9 Lyon 3 (Jean Moulin)<\/a><\/p>\n<p><a href=\"https:\/\/ufr-langues.univ-paris8.fr\/-Etudes-arabes-\">Universit\u00e9 Paris 8<\/a><\/p>\n<p><a href=\"https:\/\/www.u-bordeaux-montaigne.fr\/fr\/universite\/organisation\/unites_de_formation\/langues_et_civilisations\/etudes-arabes.html\">Universit\u00e9 Bordeaux Montaigne<\/a><\/p>\n<p><a href=\"https:\/\/allsh.univ-amu.fr\/fr\/departements\/etudes-moyen-orientales-demo\">Universit\u00e9 d&#8217;Aix-Marseille<\/a><\/p>\n<p><a href=\"https:\/\/www.univ-lille.fr\/formations\/fr-00002618\">Universit\u00e9 de Lille<\/a><\/p>\n","protected":false},"excerpt":{"rendered":"<p>Universit\u00e9 de Strasbourg Inalco Universit\u00e9 de Rennes Universit\u00e9 Sorbonne nouvelle Universit\u00e9 Lyon 3 (Jean Moulin) Universit\u00e9 Paris 8 Universit\u00e9 Bordeaux Montaigne Universit\u00e9 d&#8217;Aix-Marseille Universit\u00e9 de Lille<\/p>\n","protected":false},"author":1,"featured_media":0,"parent":62,"menu_order":0,"comment_status":"closed","ping_status":"closed","template":"","meta":{"sfsi_plus_gutenberg_text_before_share":"","sfsi_plus_gutenberg_show_text_before_share":"","sfsi_plus_gutenberg_icon_type":"","sfsi_plus_gutenberg_icon_alignemt":"","sfsi_plus_gutenburg_max_per_row":"","_kadence_starter_templates_imported_post":false,"footnotes":""},"class_list":["post-950","page","type-page","status-publish","hentry"],"aioseo_notices":[],"_links":{"self":[{"href":"https:\/\/www.afdaarab.fr\/index.php\/wp-json\/wp\/v2\/pages\/950","targetHints":{"allow":["GET"]}}],"collection":[{"href":"https:\/\/www.afdaarab.fr\/index.php\/wp-json\/wp\/v2\/pages"}],"about":[{"href":"https:\/\/www.afdaarab.fr\/index.php\/wp-json\/wp\/v2\/types\/page"}],"author":[{"embeddable":true,"href":"https:\/\/www.afdaarab.fr\/index.php\/wp-json\/wp\/v2\/users\/1"}],"replies":[{"embeddable":true,"href":"https:\/\/www.afdaarab.fr\/index.php\/wp-json\/wp\/v2\/comments?post=950"}],"version-history":[{"count":12,"href":"https:\/\/www.afdaarab.fr\/index.php\/wp-json\/wp\/v2\/pages\/950\/revisions"}],"predecessor-version":[{"id":963,"href":"https:\/\/www.afdaarab.fr\/index.php\/wp-json\/wp\/v2\/pages\/950\/revisions\/963"}],"up":[{"embeddable":true,"href":"https:\/\/www.afdaarab.fr\/index.php\/wp-json\/wp\/v2\/pages\/62"}],"wp:attachment":[{"href":"https:\/\/www.afdaarab.fr\/index.php\/wp-json\/wp\/v2\/media?parent=950"}],"curies":[{"name":"wp","href":"https:\/\/api.w.org\/{rel}","templated":true}]}}