{"id":140,"date":"2020-02-19T15:04:05","date_gmt":"2020-02-19T14:04:05","guid":{"rendered":"https:\/\/www.afdaarab.fr\/?page_id=140"},"modified":"2025-06-11T21:50:36","modified_gmt":"2025-06-11T19:50:36","slug":"articles","status":"publish","type":"page","link":"https:\/\/www.afdaarab.fr\/index.php\/591-2\/articles\/","title":{"rendered":"Articles"},"content":{"rendered":"<h2><a href=\"https:\/\/www.afdaarab.fr\/index.php\/591-2\/\">Approche \u00e9tymologique des noms de famille europ\u00e9ens, les plus courants \u00e0 Oujda (Maroc), dans un contexte colonial (1907-1956).Badr Maqri <\/a><\/h2>\n<h2 class=\"entry-title\"><a href=\"https:\/\/www.afdaarab.fr\/index.php\/le-stereotype-de-lalterite-dans-la-narration-coloniale-francaise-par-badr-maqri\/\">Le st\u00e9r\u00e9otype de l\u2019alt\u00e9rit\u00e9 dans la narration coloniale fran\u00e7aise. Par Badr Maqri<\/a><\/h2>\n<h2><\/h2>\n","protected":false},"excerpt":{"rendered":"<p>Approche \u00e9tymologique des noms de famille europ\u00e9ens, les plus courants \u00e0 Oujda (Maroc), dans un contexte colonial (1907-1956).Badr Maqri Le st\u00e9r\u00e9otype de l\u2019alt\u00e9rit\u00e9 dans la narration coloniale fran\u00e7aise. Par Badr Maqri<\/p>\n","protected":false},"author":1,"featured_media":0,"parent":591,"menu_order":0,"comment_status":"open","ping_status":"closed","template":"","meta":{"sfsi_plus_gutenberg_text_before_share":"","sfsi_plus_gutenberg_show_text_before_share":"","sfsi_plus_gutenberg_icon_type":"","sfsi_plus_gutenberg_icon_alignemt":"","sfsi_plus_gutenburg_max_per_row":"","_kadence_starter_templates_imported_post":false,"footnotes":""},"class_list":["post-140","page","type-page","status-publish","hentry"],"aioseo_notices":[],"_links":{"self":[{"href":"https:\/\/www.afdaarab.fr\/index.php\/wp-json\/wp\/v2\/pages\/140","targetHints":{"allow":["GET"]}}],"collection":[{"href":"https:\/\/www.afdaarab.fr\/index.php\/wp-json\/wp\/v2\/pages"}],"about":[{"href":"https:\/\/www.afdaarab.fr\/index.php\/wp-json\/wp\/v2\/types\/page"}],"author":[{"embeddable":true,"href":"https:\/\/www.afdaarab.fr\/index.php\/wp-json\/wp\/v2\/users\/1"}],"replies":[{"embeddable":true,"href":"https:\/\/www.afdaarab.fr\/index.php\/wp-json\/wp\/v2\/comments?post=140"}],"version-history":[{"count":10,"href":"https:\/\/www.afdaarab.fr\/index.php\/wp-json\/wp\/v2\/pages\/140\/revisions"}],"predecessor-version":[{"id":1107,"href":"https:\/\/www.afdaarab.fr\/index.php\/wp-json\/wp\/v2\/pages\/140\/revisions\/1107"}],"up":[{"embeddable":true,"href":"https:\/\/www.afdaarab.fr\/index.php\/wp-json\/wp\/v2\/pages\/591"}],"wp:attachment":[{"href":"https:\/\/www.afdaarab.fr\/index.php\/wp-json\/wp\/v2\/media?parent=140"}],"curies":[{"name":"wp","href":"https:\/\/api.w.org\/{rel}","templated":true}]}}